{"id":9136,"date":"2026-02-05T11:33:28","date_gmt":"2026-02-05T10:33:28","guid":{"rendered":"https:\/\/sibi.cnr.it\/marconi\/?page_id=9136"},"modified":"2026-03-02T17:50:15","modified_gmt":"2026-03-02T16:50:15","slug":"mappa-della-citta-educante","status":"publish","type":"page","link":"https:\/\/sibi.cnr.it\/marconi\/mappa-della-citta-educante\/","title":{"rendered":"Mappa della Citt\u00e0 Educante"},"content":{"rendered":"\n<div class=\"wp-block-image\"><figure class=\"aligncenter size-full\"><img loading=\"lazy\" width=\"311\" height=\"162\" src=\"https:\/\/sibi.cnr.it\/marconi\/wp-content\/uploads\/sites\/4\/2026\/02\/mappa.png\" alt=\"\" class=\"wp-image-9138\" srcset=\"https:\/\/sibi.cnr.it\/marconi\/wp-content\/uploads\/sites\/4\/2026\/02\/mappa.png 311w, https:\/\/sibi.cnr.it\/marconi\/wp-content\/uploads\/sites\/4\/2026\/02\/mappa-300x156.png 300w\" sizes=\"(max-width: 311px) 100vw, 311px\" \/><\/figure><\/div>\n\n\n\n<p>La Biblioteca Centrale aderisce al Progetto &#8220;<strong>Mappa della Citt\u00e0 Educante<\/strong>&#8220;, promosso dal <strong>Comune di Roma<\/strong>.<\/p>\n\n\n\n<p>La Mappa \u00e8 una&nbsp;<strong>raccolta di opportunit\u00e0 didattiche, formative e culturali gratuite<\/strong> rivolte a studentesse, studenti, docenti e scuole di ogni ordine e grado della citt\u00e0.<\/p>\n\n\n\n<p>Tra le principali novit\u00e0 di quest\u2019anno, il nuovo sito dedicato \u2013&nbsp;<a href=\"https:\/\/mappacittaeducante.roma.it\/\">mappacittaeducante.roma.it<\/a>&nbsp;\u2013 che raccoglie e presenta in modo interattivo tutti i progetti disponibili.<\/p>\n\n\n\n<p>L\u2019iniziativa, promossa dall\u2019<strong>Assessorato alla Scuola, Formazione e Lavoro<\/strong>&nbsp;di Roma Capitale, rappresenta un prezioso strumento di contrasto alla povert\u00e0 educativa e di promozione della comunit\u00e0 educante cittadina.<\/p>\n\n\n\n<p><a href=\"https:\/\/www.comune.roma.it\/web-resources\/cms\/documents\/Mappa_della_citt_educante_2425.pdf\">Progetti 2024-2025<\/a><\/p>\n\n\n\n<p><strong><a href=\"https:\/\/mappacittaeducante.roma.it\/wp-content\/uploads\/sites\/157\/2025\/10\/Mappa-Citta-Educante-2025-2026.pdf\">Progetti 2025-2026<\/a><\/strong><\/p>\n\n\n\n<p>Di seguito alcuni video dei laboratori realizzati in Biblioteca nel 2026<\/p>\n\n\n\n<figure class=\"wp-block-embed is-type-video is-provider-youtube wp-block-embed-youtube wp-embed-aspect-16-9 wp-has-aspect-ratio\"><div class=\"wp-block-embed__wrapper\">\n<iframe loading=\"lazy\" title=\"Secondo laboratorio della Mappa della citt\u00e0 educante sulle carte geografiche\" width=\"650\" height=\"366\" src=\"https:\/\/www.youtube.com\/embed\/kWPoDI5Cwiw?feature=oembed\" frameborder=\"0\" allow=\"accelerometer; autoplay; clipboard-write; encrypted-media; gyroscope; picture-in-picture; web-share\" referrerpolicy=\"strict-origin-when-cross-origin\" allowfullscreen><\/iframe>\n<\/div><figcaption>13 gennaio 2026 &#8211;  Classe 1 D &#8211; IC Piaget-Majorana di Roma<\/figcaption><\/figure>\n\n\n\n<figure class=\"wp-block-embed is-type-video is-provider-youtube wp-block-embed-youtube wp-embed-aspect-16-9 wp-has-aspect-ratio\"><div class=\"wp-block-embed__wrapper\">\n<iframe loading=\"lazy\" title=\"Terzo laboratorio con le scuole (carte geografiche)\" width=\"650\" height=\"366\" src=\"https:\/\/www.youtube.com\/embed\/FjTY7ksMzrY?feature=oembed\" frameborder=\"0\" allow=\"accelerometer; autoplay; clipboard-write; encrypted-media; gyroscope; picture-in-picture; web-share\" referrerpolicy=\"strict-origin-when-cross-origin\" allowfullscreen><\/iframe>\n<\/div><figcaption>21 gennaio 2026 &#8211; Classe 2 B IC Angelica Balabanoff di Roma<\/figcaption><\/figure>\n\n\n\n<figure class=\"wp-block-embed is-type-video is-provider-youtube wp-block-embed-youtube wp-embed-aspect-16-9 wp-has-aspect-ratio\"><div class=\"wp-block-embed__wrapper\">\n<iframe loading=\"lazy\" title=\"Quarto laboratorio (Carte geografiche)\" width=\"650\" height=\"366\" src=\"https:\/\/www.youtube.com\/embed\/S5PTnUhpQoo?feature=oembed\" frameborder=\"0\" allow=\"accelerometer; autoplay; clipboard-write; encrypted-media; gyroscope; picture-in-picture; web-share\" referrerpolicy=\"strict-origin-when-cross-origin\" allowfullscreen><\/iframe>\n<\/div><figcaption>4 febbraio 2026 &#8211; Classe 1a I Istituto comprensivo Viale Venezia Giulia di Roma<\/figcaption><\/figure>\n\n\n\n<figure class=\"wp-block-embed is-type-video is-provider-youtube wp-block-embed-youtube wp-embed-aspect-16-9 wp-has-aspect-ratio\"><div class=\"wp-block-embed__wrapper\">\n<iframe loading=\"lazy\" title=\"Quinto Laboratorio (Carte geografiche)\" width=\"650\" height=\"366\" src=\"https:\/\/www.youtube.com\/embed\/KU8FMFUEJbc?feature=oembed\" frameborder=\"0\" allow=\"accelerometer; autoplay; clipboard-write; encrypted-media; gyroscope; picture-in-picture; web-share\" referrerpolicy=\"strict-origin-when-cross-origin\" allowfullscreen><\/iframe>\n<\/div><figcaption>20 febbraio 2026 &#8211;  Classe 1a H dell\u2019Istituto comprensivo Viale Venezia Giulia di Roma.<\/figcaption><\/figure>\n\n\n\n<p>I lavori svolti dagli studenti delle scuole che hanno partecipato ai laboratori sono stati raccolti nel wikibooks: <a href=\"https:\/\/it.wikibooks.org\/wiki\/Wikicarte_geografiche_digitali_per_una_Citt%C3%A0_Educante\" data-type=\"URL\" data-id=\"https:\/\/it.wikibooks.org\/wiki\/Wikicarte_geografiche_digitali_per_una_Citt%C3%A0_Educante\">Wikicarte geografiche digitali per una Citt\u00e0 Educante<\/a><\/p>\n\n\n\n<p><\/p>\n","protected":false},"excerpt":{"rendered":"<p>La Biblioteca Centrale aderisce al Progetto &#8220;Mappa della Citt\u00e0 Educante&#8220;, promosso dal Comune di Roma. La Mappa \u00e8 una&nbsp;raccolta di opportunit\u00e0 didattiche, formative e culturali gratuite rivolte a studentesse, studenti, docenti e scuole di ogni ordine e grado della citt\u00e0. Tra le principali novit\u00e0 di quest\u2019anno, il nuovo sito dedicato \u2013&nbsp;mappacittaeducante.roma.it&nbsp;\u2013 che raccoglie e presenta&#8230;<\/p>\n<p class=\"more-link-wrap\"><a href=\"https:\/\/sibi.cnr.it\/marconi\/mappa-della-citta-educante\/\" class=\"more-link\">Read More<span class=\"screen-reader-text\"> &ldquo;Mappa della Citt\u00e0 Educante&rdquo;<\/span> &raquo;<\/a><\/p>\n","protected":false},"author":11,"featured_media":0,"parent":0,"menu_order":0,"comment_status":"closed","ping_status":"closed","template":"","meta":{"_uag_custom_page_level_css":"","_ti_tpc_template_sync":false,"_ti_tpc_template_id":""},"uagb_featured_image_src":{"full":false,"thumbnail":false,"medium":false,"medium_large":false,"large":false,"1536x1536":false,"2048x2048":false},"uagb_author_info":{"display_name":"sarasantorsa","author_link":"https:\/\/sibi.cnr.it\/marconi\/author\/sarasantorsa\/"},"uagb_comment_info":0,"uagb_excerpt":"La Biblioteca Centrale aderisce al Progetto &#8220;Mappa della Citt\u00e0 Educante&#8220;, promosso dal Comune di Roma. La Mappa \u00e8 una&nbsp;raccolta di opportunit\u00e0 didattiche, formative e culturali gratuite rivolte a studentesse, studenti, docenti e scuole di ogni ordine e grado della citt\u00e0. Tra le principali novit\u00e0 di quest\u2019anno, il nuovo sito dedicato \u2013&nbsp;mappacittaeducante.roma.it&nbsp;\u2013 che raccoglie e presenta...Read&hellip;","_links":{"self":[{"href":"https:\/\/sibi.cnr.it\/marconi\/wp-json\/wp\/v2\/pages\/9136"}],"collection":[{"href":"https:\/\/sibi.cnr.it\/marconi\/wp-json\/wp\/v2\/pages"}],"about":[{"href":"https:\/\/sibi.cnr.it\/marconi\/wp-json\/wp\/v2\/types\/page"}],"author":[{"embeddable":true,"href":"https:\/\/sibi.cnr.it\/marconi\/wp-json\/wp\/v2\/users\/11"}],"replies":[{"embeddable":true,"href":"https:\/\/sibi.cnr.it\/marconi\/wp-json\/wp\/v2\/comments?post=9136"}],"version-history":[{"count":7,"href":"https:\/\/sibi.cnr.it\/marconi\/wp-json\/wp\/v2\/pages\/9136\/revisions"}],"predecessor-version":[{"id":9262,"href":"https:\/\/sibi.cnr.it\/marconi\/wp-json\/wp\/v2\/pages\/9136\/revisions\/9262"}],"wp:attachment":[{"href":"https:\/\/sibi.cnr.it\/marconi\/wp-json\/wp\/v2\/media?parent=9136"}],"curies":[{"name":"wp","href":"https:\/\/api.w.org\/{rel}","templated":true}]}}