{"id":8477,"date":"2024-06-05T12:10:31","date_gmt":"2024-06-05T10:10:31","guid":{"rendered":"https:\/\/sibi.cnr.it\/marconi\/?page_id=8477"},"modified":"2024-06-05T12:10:31","modified_gmt":"2024-06-05T10:10:31","slug":"tesori-digitali","status":"publish","type":"page","link":"https:\/\/sibi.cnr.it\/marconi\/tesori-digitali\/","title":{"rendered":"Tesori digitali"},"content":{"rendered":"\n<p><strong>2020<\/strong><\/p>\n\n\n\n<h3>DIGITALIZZAZIONE DE \u201cLA TESTA DI FERRO\u201d. A CURA DEL CNR BIBLIOTECA CENTRALE \u201cG. MARCONI\u201d<\/h3>\n\n\n\n<div class=\"wp-block-image\"><figure class=\"aligncenter size-full\"><img loading=\"lazy\" width=\"292\" height=\"227\" src=\"https:\/\/sibi.cnr.it\/marconi\/wp-content\/uploads\/sites\/4\/2024\/06\/testa-di-ferro-1.png\" alt=\"\" class=\"wp-image-8478\" \/><\/figure><\/div>\n\n\n\n<p>Il\u202fprogetto di digitalizzazione de\u202f<em>La testa di ferro. Giornale del fiumanesimo<\/em>\u202f\u00e8 stato affidato dalla Societ\u00e0 di Studi Fiumani alla Biblioteca centrale \u201cG. Marconi\u201d del CNR. In particolare sono stati scansionati 46 numeri del periodico, pi\u00f9 una copia. Il materiale ha subito diverse fasi di lavoro: prima di tutto \u00e8 stata effettuata la digitalizzazione pagina per pagina di ciascun numero editoriale, poi \u00e8 stata effettuata la postproduzione degli scatti. Infine si \u00e8 provveduto a unire tutti i file ricavati in un unico pdf, creando un indice organizzato cronologicamente per permettere di navigare tra i vari numeri del giornale. Per fornire un ulteriore strumento di lavoro agli utenti si \u00e8 proceduto ad effettuare l\u2019OCR dell\u2019intero documento, in modo da consentire una ricerca terminologica full-text.<\/p>\n\n\n\n<p><strong>2019<\/strong><\/p>\n\n\n\n<p class=\"has-medium-font-size\"><strong>ARCHIVIO TULLIO GREGORY<\/strong><\/p>\n\n\n\n<div class=\"wp-block-image\"><figure class=\"aligncenter size-full\"><img loading=\"lazy\" width=\"338\" height=\"441\" src=\"https:\/\/sibi.cnr.it\/marconi\/wp-content\/uploads\/sites\/4\/2024\/06\/libretto-min-grigio-2.jpg\" alt=\"\" class=\"wp-image-8481\" srcset=\"https:\/\/sibi.cnr.it\/marconi\/wp-content\/uploads\/sites\/4\/2024\/06\/libretto-min-grigio-2.jpg 338w, https:\/\/sibi.cnr.it\/marconi\/wp-content\/uploads\/sites\/4\/2024\/06\/libretto-min-grigio-2-230x300.jpg 230w\" sizes=\"(max-width: 338px) 100vw, 338px\" \/><\/figure><\/div>\n\n\n\n<p>L\u2019Archivio Tullio Gregory \u00e8 un Progetto dell\u2019ILIESI, avviato  nel luglio del 2019 e che vede impegnato in vario modo tutto il personale dell\u2019Istituto e di altre istituzioni del CNR. Uno degli obiettivi primari dell\u2019Archivio digitale \u00e8 di rendere disponibili dei contributi dello studioso \u2013 volumi, articoli, interventi vari \u2013 spesso di non facile reperibilit\u00e0. In tal senso, cuore dell&#8217;Archivio \u00e8 la sezione\u00a0<em>Biblioteca digitale<\/em>, in stretto rapporto con la\u00a0<em>Bibliografia<\/em>\u00a0degli scritti dell\u2019autore, in modo da congiungere l\u2019esigenza di conoscenza (bibliografica e di orientamento) con l\u2019effettiva lettura dei testi; pertanto, con quella finalit\u00e0 di insegnamento che Gregory riteneva \u2013 come ebbe a sottolineare \u2013 \u201cstrettamente legato alla nostra vita di ricerca; in fondo si ricerca, si studia per capire e per aiutare gli altri a capire\u201d. Il sintetico\u00a0<em>Profilo biografico<\/em>, anch\u2019esso da considerarsi in collegamento con la\u00a0<em>Bibliografia<\/em>, d\u00e0 alcune informazioni essenziali sull\u2019attivit\u00e0 dello studioso, senza alcuna pretesa di esaustivit\u00e0.<\/p>\n\n\n\n<p>Nella prima fase della messa a punto del sito hanno collaborato: Ada Russo (redazione della\u00a0<em>Bibliografia<\/em>, coordinamento dei dati nell\u2019ATG); Simona Lampidecchia (Webmaster); Marco Cappelloni (digitalizzazione dei testi). Isabella Florio, Sara Santorsa e Luca Tiberi, della Biblioteca Centrale, hanno collaborato attivamente al progetto per la digitalizzazione dei testi.\u00a0<\/p>\n\n\n\n<p><strong>2019<\/strong><\/p>\n\n\n\n<h3>DIGITALIZZAZIONE DEL MANOSCRITTO CINQUECENTESCO \u201cGLI STATUTI DELLA LIBERA CITT\u00c0 DI FIUME\u201d (DATATO 1527)\u00a0<\/h3>\n\n\n\n<div class=\"wp-block-uagb-image aligncenter uagb-block-6d2c7cd4 wp-block-uagb-image--layout-default wp-block-uagb-image--effect-static wp-block-uagb-image--align-center\"><figure class=\"wp-block-uagb-image__figure\"><img src=\"https:\/\/sibi.cnr.it\/marconi\/wp-content\/uploads\/sites\/4\/2024\/06\/manoscritto_fiume.png\" alt=\"\" class=\"uag-image-8479\" width=\"239\" height=\"307\" title=\"\" loading=\"lazy\" \/><\/figure><\/div>\n\n\n\n<p>Il progetto di digitalizzazione degli antichi Statuti della citt\u00e0 di Fiume \u00e8 stato affidato dalla Societ\u00e0 di Studi Fiumani alla Biblioteca centrale \u201cG. Marconi\u201d del CNR. La riproduzione digitale del manoscritto \u00e8 proceduta per fasi. Inizialmente, sono state scansionate tutte le pagine del manoscritto. Successivamente, si \u00e8 provveduto ad unirle indicizzando le singole voci che comparivano nel sommario originale per poterle linkare con i relativi paragrafi alle rispettive pagine interne. Si \u00e8 riusciti anche a colmare alcune lacune interne al testo per rendere il lavoro pi\u00f9 completo. Il manoscritto digitalizzato \u00e8 gi\u00e0 consultabile dagli studiosi presso la sede dell\u2019Archivio Museo storico di Fiume in formato pdf. Per il futuro \u00e8 auspicabile che questa forma prodromica di navigazione ipertestuale venga integrata successivamente con un\u2019indicizzazione terminologica completa, che permetta un\u2019interazione totale e una ricerca semantica di dettaglio che coadiuvi al lavoro dei ricercatori anche da remoto.<\/p>\n","protected":false},"excerpt":{"rendered":"<p>2020 DIGITALIZZAZIONE DE \u201cLA TESTA DI FERRO\u201d. A CURA DEL CNR BIBLIOTECA CENTRALE \u201cG. MARCONI\u201d Il\u202fprogetto di digitalizzazione de\u202fLa testa di ferro. Giornale del fiumanesimo\u202f\u00e8 stato affidato dalla Societ\u00e0 di Studi Fiumani alla Biblioteca centrale \u201cG. Marconi\u201d del CNR. In particolare sono stati scansionati 46 numeri del periodico, pi\u00f9 una copia. Il materiale ha subito&#8230;<\/p>\n<p class=\"more-link-wrap\"><a href=\"https:\/\/sibi.cnr.it\/marconi\/tesori-digitali\/\" class=\"more-link\">Read More<span class=\"screen-reader-text\"> &ldquo;Tesori digitali&rdquo;<\/span> &raquo;<\/a><\/p>\n","protected":false},"author":11,"featured_media":0,"parent":0,"menu_order":0,"comment_status":"closed","ping_status":"closed","template":"","meta":{"_uag_custom_page_level_css":"","_ti_tpc_template_sync":false,"_ti_tpc_template_id":""},"uagb_featured_image_src":{"full":false,"thumbnail":false,"medium":false,"medium_large":false,"large":false,"1536x1536":false,"2048x2048":false},"uagb_author_info":{"display_name":"sarasantorsa","author_link":"https:\/\/sibi.cnr.it\/marconi\/author\/sarasantorsa\/"},"uagb_comment_info":0,"uagb_excerpt":"2020 DIGITALIZZAZIONE DE \u201cLA TESTA DI FERRO\u201d. A CURA DEL CNR BIBLIOTECA CENTRALE \u201cG. MARCONI\u201d Il\u202fprogetto di digitalizzazione de\u202fLa testa di ferro. Giornale del fiumanesimo\u202f\u00e8 stato affidato dalla Societ\u00e0 di Studi Fiumani alla Biblioteca centrale \u201cG. Marconi\u201d del CNR. In particolare sono stati scansionati 46 numeri del periodico, pi\u00f9 una copia. Il materiale ha subito...Read&hellip;","_links":{"self":[{"href":"https:\/\/sibi.cnr.it\/marconi\/wp-json\/wp\/v2\/pages\/8477"}],"collection":[{"href":"https:\/\/sibi.cnr.it\/marconi\/wp-json\/wp\/v2\/pages"}],"about":[{"href":"https:\/\/sibi.cnr.it\/marconi\/wp-json\/wp\/v2\/types\/page"}],"author":[{"embeddable":true,"href":"https:\/\/sibi.cnr.it\/marconi\/wp-json\/wp\/v2\/users\/11"}],"replies":[{"embeddable":true,"href":"https:\/\/sibi.cnr.it\/marconi\/wp-json\/wp\/v2\/comments?post=8477"}],"version-history":[{"count":1,"href":"https:\/\/sibi.cnr.it\/marconi\/wp-json\/wp\/v2\/pages\/8477\/revisions"}],"predecessor-version":[{"id":8482,"href":"https:\/\/sibi.cnr.it\/marconi\/wp-json\/wp\/v2\/pages\/8477\/revisions\/8482"}],"wp:attachment":[{"href":"https:\/\/sibi.cnr.it\/marconi\/wp-json\/wp\/v2\/media?parent=8477"}],"curies":[{"name":"wp","href":"https:\/\/api.w.org\/{rel}","templated":true}]}}