{"id":8465,"date":"2024-06-05T11:50:42","date_gmt":"2024-06-05T09:50:42","guid":{"rendered":"https:\/\/sibi.cnr.it\/marconi\/?page_id=8465"},"modified":"2026-05-12T12:11:31","modified_gmt":"2026-05-12T10:11:31","slug":"eventi","status":"publish","type":"page","link":"https:\/\/sibi.cnr.it\/marconi\/eventi\/","title":{"rendered":"Eventi"},"content":{"rendered":"\n<figure class=\"wp-block-embed is-type-wp-embed is-provider-biblioteca-centrale-quot-g-marconi-quot wp-block-embed-biblioteca-centrale-quot-g-marconi-quot\"><div class=\"wp-block-embed__wrapper\">\n<blockquote class=\"wp-embedded-content\" data-secret=\"amJgsgeU8q\"><a href=\"https:\/\/sibi.cnr.it\/marconi\/2026\/04\/15\/wikipediaraduni-progetti-glam-della-biblioteca-centrale-gugliemo-marconi-del-cnr\/\">Wikipedia:Raduni\/Progetti GLAM della Biblioteca Centrale Gugliemo Marconi del CNR<\/a><\/blockquote><iframe class=\"wp-embedded-content\" sandbox=\"allow-scripts\" security=\"restricted\" style=\"position: absolute; clip: rect(1px, 1px, 1px, 1px);\" title=\"&#8220;Wikipedia:Raduni\/Progetti GLAM della Biblioteca Centrale Gugliemo Marconi del CNR&#8221; &#8212; Biblioteca Centrale &quot;G. Marconi&quot;\" src=\"https:\/\/sibi.cnr.it\/marconi\/2026\/04\/15\/wikipediaraduni-progetti-glam-della-biblioteca-centrale-gugliemo-marconi-del-cnr\/embed\/#?secret=RMVsxIeKsN#?secret=amJgsgeU8q\" data-secret=\"amJgsgeU8q\" width=\"600\" height=\"338\" frameborder=\"0\" marginwidth=\"0\" marginheight=\"0\" scrolling=\"no\"><\/iframe>\n<\/div><\/figure>\n\n\n\n<figure class=\"wp-block-embed is-type-wp-embed is-provider-biblioteca-centrale-quot-g-marconi-quot wp-block-embed-biblioteca-centrale-quot-g-marconi-quot\"><div class=\"wp-block-embed__wrapper\">\n<blockquote class=\"wp-embedded-content\" data-secret=\"i07SszVlEX\"><a href=\"https:\/\/sibi.cnr.it\/marconi\/2026\/04\/15\/lofoten-poems-visions-from-the-deep-north%ef%bf%bc\/\">Lofoten Poems &#8211; Visions from the Deep North<\/a><\/blockquote><iframe class=\"wp-embedded-content\" sandbox=\"allow-scripts\" security=\"restricted\" style=\"position: absolute; clip: rect(1px, 1px, 1px, 1px);\" title=\"&#8220;Lofoten Poems &#8211; Visions from the Deep North&#8221; &#8212; Biblioteca Centrale &quot;G. Marconi&quot;\" src=\"https:\/\/sibi.cnr.it\/marconi\/2026\/04\/15\/lofoten-poems-visions-from-the-deep-north%ef%bf%bc\/embed\/#?secret=Ri7loiSLzm#?secret=i07SszVlEX\" data-secret=\"i07SszVlEX\" width=\"600\" height=\"338\" frameborder=\"0\" marginwidth=\"0\" marginheight=\"0\" scrolling=\"no\"><\/iframe>\n<\/div><\/figure>\n\n\n\n<figure class=\"wp-block-embed is-type-wp-embed is-provider-biblioteca-centrale-quot-g-marconi-quot wp-block-embed-biblioteca-centrale-quot-g-marconi-quot\"><div class=\"wp-block-embed__wrapper\">\n<blockquote class=\"wp-embedded-content\" data-secret=\"5S5aAvV91L\"><a href=\"https:\/\/sibi.cnr.it\/marconi\/2026\/05\/10\/cafe-europa-partecipazione-e-partnership-per-il-futuro\/\">Caf\u00e9 Europa: Partecipazione e Partnership per il Futuro<\/a><\/blockquote><iframe class=\"wp-embedded-content\" sandbox=\"allow-scripts\" security=\"restricted\" style=\"position: absolute; clip: rect(1px, 1px, 1px, 1px);\" title=\"&#8220;Caf\u00e9 Europa: Partecipazione e Partnership per il Futuro&#8221; &#8212; Biblioteca Centrale &quot;G. Marconi&quot;\" src=\"https:\/\/sibi.cnr.it\/marconi\/2026\/05\/10\/cafe-europa-partecipazione-e-partnership-per-il-futuro\/embed\/#?secret=WSxc9DHG0V#?secret=5S5aAvV91L\" data-secret=\"5S5aAvV91L\" width=\"600\" height=\"338\" frameborder=\"0\" marginwidth=\"0\" marginheight=\"0\" scrolling=\"no\"><\/iframe>\n<\/div><\/figure>\n\n\n\n<figure class=\"wp-block-embed is-type-wp-embed is-provider-biblioteca-centrale-quot-g-marconi-quot wp-block-embed-biblioteca-centrale-quot-g-marconi-quot\"><div class=\"wp-block-embed__wrapper\">\n<blockquote class=\"wp-embedded-content\" data-secret=\"kIwFy5whiR\"><a href=\"https:\/\/sibi.cnr.it\/marconi\/2025\/12\/05\/oltre-lapertura-gli-open-data-plasmano-la-societa%ef%bf%bc\/\">Oltre l\u2019apertura: gli Open data plasmano la societ\u00e0\ufffc<\/a><\/blockquote><iframe class=\"wp-embedded-content\" sandbox=\"allow-scripts\" security=\"restricted\" style=\"position: absolute; clip: rect(1px, 1px, 1px, 1px);\" title=\"&#8220;Oltre l\u2019apertura: gli Open data plasmano la societ\u00e0\ufffc&#8221; &#8212; Biblioteca Centrale &quot;G. Marconi&quot;\" src=\"https:\/\/sibi.cnr.it\/marconi\/2025\/12\/05\/oltre-lapertura-gli-open-data-plasmano-la-societa%ef%bf%bc\/embed\/#?secret=SJuZhNftDG#?secret=kIwFy5whiR\" data-secret=\"kIwFy5whiR\" width=\"600\" height=\"338\" frameborder=\"0\" marginwidth=\"0\" marginheight=\"0\" scrolling=\"no\"><\/iframe>\n<\/div><\/figure>\n\n\n\n<figure class=\"wp-block-embed is-type-wp-embed is-provider-biblioteca-centrale-quot-g-marconi-quot wp-block-embed-biblioteca-centrale-quot-g-marconi-quot\"><div class=\"wp-block-embed__wrapper\">\n<blockquote class=\"wp-embedded-content\" data-secret=\"tOy44wFNto\"><a href=\"https:\/\/sibi.cnr.it\/marconi\/2025\/12\/05\/accessibilita-e-inclusione-nel-cnr-azioni-esperienze-progetti%ef%bf%bc\/\">Accessibilit\u00e0 e inclusione nel Cnr: azioni, esperienze, progetti\ufffc<\/a><\/blockquote><iframe class=\"wp-embedded-content\" sandbox=\"allow-scripts\" security=\"restricted\" style=\"position: absolute; clip: rect(1px, 1px, 1px, 1px);\" title=\"&#8220;Accessibilit\u00e0 e inclusione nel Cnr: azioni, esperienze, progetti\ufffc&#8221; &#8212; Biblioteca Centrale &quot;G. Marconi&quot;\" src=\"https:\/\/sibi.cnr.it\/marconi\/2025\/12\/05\/accessibilita-e-inclusione-nel-cnr-azioni-esperienze-progetti%ef%bf%bc\/embed\/#?secret=3bgMlUmN0o#?secret=tOy44wFNto\" data-secret=\"tOy44wFNto\" width=\"600\" height=\"338\" frameborder=\"0\" marginwidth=\"0\" marginheight=\"0\" scrolling=\"no\"><\/iframe>\n<\/div><\/figure>\n\n\n\n<figure class=\"wp-block-embed is-type-wp-embed is-provider-biblioteca-centrale-quot-g-marconi-quot wp-block-embed-biblioteca-centrale-quot-g-marconi-quot\"><div class=\"wp-block-embed__wrapper\">\n<blockquote class=\"wp-embedded-content\" data-secret=\"oEZp1FQyR9\"><a href=\"https:\/\/sibi.cnr.it\/marconi\/2025\/11\/20\/la-singolarita-di-schwarzschild-reading-scientifico\/\">Reading scientifico &#8220;La singolarit\u00e0 di Schwarzschild&#8221;<\/a><\/blockquote><iframe class=\"wp-embedded-content\" sandbox=\"allow-scripts\" security=\"restricted\" style=\"position: absolute; clip: rect(1px, 1px, 1px, 1px);\" title=\"&#8220;Reading scientifico &#8220;La singolarit\u00e0 di Schwarzschild&#8221;&#8221; &#8212; Biblioteca Centrale &quot;G. Marconi&quot;\" src=\"https:\/\/sibi.cnr.it\/marconi\/2025\/11\/20\/la-singolarita-di-schwarzschild-reading-scientifico\/embed\/#?secret=DdMb7rmhDw#?secret=oEZp1FQyR9\" data-secret=\"oEZp1FQyR9\" width=\"600\" height=\"338\" frameborder=\"0\" marginwidth=\"0\" marginheight=\"0\" scrolling=\"no\"><\/iframe>\n<\/div><\/figure>\n\n\n\n<figure class=\"wp-block-embed is-type-wp-embed is-provider-biblioteca-centrale-quot-g-marconi-quot wp-block-embed-biblioteca-centrale-quot-g-marconi-quot\"><div class=\"wp-block-embed__wrapper\">\n<blockquote class=\"wp-embedded-content\" data-secret=\"9IBBHamfyG\"><a href=\"https:\/\/sibi.cnr.it\/marconi\/2025\/11\/03\/4-nuovi-progetti-per-la-mappa-della-citta-educante-a-s-2025-2026\/\">4 nuovi progetti per la &#8220;Mappa della Citt\u00e0 educante&#8221; a.s 2025\/2026<\/a><\/blockquote><iframe class=\"wp-embedded-content\" sandbox=\"allow-scripts\" security=\"restricted\" style=\"position: absolute; clip: rect(1px, 1px, 1px, 1px);\" title=\"&#8220;4 nuovi progetti per la &#8220;Mappa della Citt\u00e0 educante&#8221; a.s 2025\/2026&#8221; &#8212; Biblioteca Centrale &quot;G. Marconi&quot;\" src=\"https:\/\/sibi.cnr.it\/marconi\/2025\/11\/03\/4-nuovi-progetti-per-la-mappa-della-citta-educante-a-s-2025-2026\/embed\/#?secret=3FDqUhrElD#?secret=9IBBHamfyG\" data-secret=\"9IBBHamfyG\" width=\"600\" height=\"338\" frameborder=\"0\" marginwidth=\"0\" marginheight=\"0\" scrolling=\"no\"><\/iframe>\n<\/div><\/figure>\n\n\n\n<figure class=\"wp-block-embed is-type-wp-embed is-provider-biblioteca-centrale-quot-g-marconi-quot wp-block-embed-biblioteca-centrale-quot-g-marconi-quot\"><div class=\"wp-block-embed__wrapper\">\n<blockquote class=\"wp-embedded-content\" data-secret=\"1QpSOiS2M8\"><a href=\"https:\/\/sibi.cnr.it\/marconi\/2025\/04\/03\/cento-anni-di-rivoluzioni-quantistiche-dal-gatto-di-schrodinger-al-quantum-computing\/\">Cento anni di rivoluzioni quantistiche: dal gatto di Schr\u00f6dinger al quantum computing<\/a><\/blockquote><iframe class=\"wp-embedded-content\" sandbox=\"allow-scripts\" security=\"restricted\" style=\"position: absolute; clip: rect(1px, 1px, 1px, 1px);\" title=\"&#8220;Cento anni di rivoluzioni quantistiche: dal gatto di Schr\u00f6dinger al quantum computing&#8221; &#8212; Biblioteca Centrale &quot;G. Marconi&quot;\" src=\"https:\/\/sibi.cnr.it\/marconi\/2025\/04\/03\/cento-anni-di-rivoluzioni-quantistiche-dal-gatto-di-schrodinger-al-quantum-computing\/embed\/#?secret=ZgEZjNAkDd#?secret=1QpSOiS2M8\" data-secret=\"1QpSOiS2M8\" width=\"600\" height=\"338\" frameborder=\"0\" marginwidth=\"0\" marginheight=\"0\" scrolling=\"no\"><\/iframe>\n<\/div><\/figure>\n\n\n\n<figure class=\"wp-block-embed is-type-wp-embed is-provider-biblioteca-centrale-quot-g-marconi-quot wp-block-embed-biblioteca-centrale-quot-g-marconi-quot\"><div class=\"wp-block-embed__wrapper\">\n<blockquote class=\"wp-embedded-content\" data-secret=\"74YCvADUst\"><a href=\"https:\/\/sibi.cnr.it\/marconi\/2025\/02\/28\/lintelligenza-artificiale-nella-didattica-opportunita-e-sfide-2\/\">L&#8217;Intelligenza Artificiale nella dIdAttica: opportunit\u00e0 e sfide<\/a><\/blockquote><iframe class=\"wp-embedded-content\" sandbox=\"allow-scripts\" security=\"restricted\" style=\"position: absolute; clip: rect(1px, 1px, 1px, 1px);\" title=\"&#8220;L&#8217;Intelligenza Artificiale nella dIdAttica: opportunit\u00e0 e sfide&#8221; &#8212; Biblioteca Centrale &quot;G. Marconi&quot;\" src=\"https:\/\/sibi.cnr.it\/marconi\/2025\/02\/28\/lintelligenza-artificiale-nella-didattica-opportunita-e-sfide-2\/embed\/#?secret=93mYZGECi5#?secret=74YCvADUst\" data-secret=\"74YCvADUst\" width=\"600\" height=\"338\" frameborder=\"0\" marginwidth=\"0\" marginheight=\"0\" scrolling=\"no\"><\/iframe>\n<\/div><\/figure>\n\n\n\n<figure class=\"wp-block-embed is-type-wp-embed is-provider-biblioteca-centrale-quot-g-marconi-quot wp-block-embed-biblioteca-centrale-quot-g-marconi-quot\"><div class=\"wp-block-embed__wrapper\">\n<blockquote class=\"wp-embedded-content\" data-secret=\"U2sE2VcYrn\"><a href=\"https:\/\/sibi.cnr.it\/marconi\/2025\/02\/25\/la-mostra-supercharged-by-ai-arriva-in-biblioteca-centrale\/\">La mostra &#8220;Supercharged by AI&#8221; arriva in Biblioteca Centrale<\/a><\/blockquote><iframe class=\"wp-embedded-content\" sandbox=\"allow-scripts\" security=\"restricted\" style=\"position: absolute; clip: rect(1px, 1px, 1px, 1px);\" title=\"&#8220;La mostra &#8220;Supercharged by AI&#8221; arriva in Biblioteca Centrale&#8221; &#8212; Biblioteca Centrale &quot;G. Marconi&quot;\" src=\"https:\/\/sibi.cnr.it\/marconi\/2025\/02\/25\/la-mostra-supercharged-by-ai-arriva-in-biblioteca-centrale\/embed\/#?secret=cHKb2d1u5t#?secret=U2sE2VcYrn\" data-secret=\"U2sE2VcYrn\" width=\"600\" height=\"338\" frameborder=\"0\" marginwidth=\"0\" marginheight=\"0\" scrolling=\"no\"><\/iframe>\n<\/div><\/figure>\n\n\n\n<div class=\"wp-container-1 wp-block-group\"><div class=\"wp-block-group__inner-container\">\n<figure class=\"wp-block-embed is-type-wp-embed is-provider-biblioteca-centrale-quot-g-marconi-quot wp-block-embed-biblioteca-centrale-quot-g-marconi-quot\"><div class=\"wp-block-embed__wrapper\">\n<blockquote class=\"wp-embedded-content\" data-secret=\"4lWtEF8O7F\"><a href=\"https:\/\/sibi.cnr.it\/marconi\/2024\/11\/12\/anche-la-biblioteca-centrale-del-cnr-nella-terza-mappa-della-citta-educante\/\">Anche la Biblioteca Centrale del CNR nella &#8220;Mappa della Citt\u00e0 Educante&#8221; con 4 progetti per le scuole<\/a><\/blockquote><iframe class=\"wp-embedded-content\" sandbox=\"allow-scripts\" security=\"restricted\" style=\"position: absolute; clip: rect(1px, 1px, 1px, 1px);\" title=\"&#8220;Anche la Biblioteca Centrale del CNR nella &#8220;Mappa della Citt\u00e0 Educante&#8221; con 4 progetti per le scuole&#8221; &#8212; Biblioteca Centrale &quot;G. Marconi&quot;\" src=\"https:\/\/sibi.cnr.it\/marconi\/2024\/11\/12\/anche-la-biblioteca-centrale-del-cnr-nella-terza-mappa-della-citta-educante\/embed\/#?secret=MFxUIkJb9n#?secret=4lWtEF8O7F\" data-secret=\"4lWtEF8O7F\" width=\"600\" height=\"338\" frameborder=\"0\" marginwidth=\"0\" marginheight=\"0\" scrolling=\"no\"><\/iframe>\n<\/div><\/figure>\n\n\n\n<h4><\/h4>\n\n\n\n<figure class=\"wp-block-embed is-type-wp-embed is-provider-biblioteca-centrale-quot-g-marconi-quot wp-block-embed-biblioteca-centrale-quot-g-marconi-quot\"><div class=\"wp-block-embed__wrapper\">\n<blockquote class=\"wp-embedded-content\" data-secret=\"tcEEOyFZSD\"><a href=\"https:\/\/sibi.cnr.it\/marconi\/2024\/09\/26\/londa-del-futuro-marconi-100-anni-di-radio-e-le-comunicazioni-di-domani\/\">L&#8217;onda del futuro: Marconi, 100 anni di radio e le comunicazioni di domani<\/a><\/blockquote><iframe class=\"wp-embedded-content\" sandbox=\"allow-scripts\" security=\"restricted\" style=\"position: absolute; clip: rect(1px, 1px, 1px, 1px);\" title=\"&#8220;L&#8217;onda del futuro: Marconi, 100 anni di radio e le comunicazioni di domani&#8221; &#8212; Biblioteca Centrale &quot;G. Marconi&quot;\" src=\"https:\/\/sibi.cnr.it\/marconi\/2024\/09\/26\/londa-del-futuro-marconi-100-anni-di-radio-e-le-comunicazioni-di-domani\/embed\/#?secret=8ZFFgOX9Wk#?secret=tcEEOyFZSD\" data-secret=\"tcEEOyFZSD\" width=\"600\" height=\"338\" frameborder=\"0\" marginwidth=\"0\" marginheight=\"0\" scrolling=\"no\"><\/iframe>\n<\/div><\/figure>\n<\/div><\/div>\n\n\n\n<figure class=\"wp-block-embed is-type-video is-provider-youtube wp-block-embed-youtube wp-embed-aspect-16-9 wp-has-aspect-ratio\"><div class=\"wp-block-embed__wrapper\">\n<iframe loading=\"lazy\" title=\"L&#039;Onda del futuro. Marconi 100 anni di radio e le comunicazioni di domani\" width=\"650\" height=\"366\" src=\"https:\/\/www.youtube.com\/embed\/2FKYQzNWQe8?feature=oembed\" frameborder=\"0\" allow=\"accelerometer; autoplay; clipboard-write; encrypted-media; gyroscope; picture-in-picture; web-share\" referrerpolicy=\"strict-origin-when-cross-origin\" allowfullscreen><\/iframe>\n<\/div><figcaption>Video con i momenti salienti della giornata<\/figcaption><\/figure>\n\n\n\n<h4>Donne nella matematica<\/h4>\n\n\n\n<div class=\"wp-block-image\"><figure class=\"aligncenter size-full\"><img loading=\"lazy\" width=\"352\" height=\"499\" src=\"https:\/\/sibi.cnr.it\/marconi\/wp-content\/uploads\/sites\/4\/2024\/06\/locandina_13_maggio_2024-2.jpg\" alt=\"\" class=\"wp-image-8468\" srcset=\"https:\/\/sibi.cnr.it\/marconi\/wp-content\/uploads\/sites\/4\/2024\/06\/locandina_13_maggio_2024-2.jpg 352w, https:\/\/sibi.cnr.it\/marconi\/wp-content\/uploads\/sites\/4\/2024\/06\/locandina_13_maggio_2024-2-212x300.jpg 212w\" sizes=\"(max-width: 352px) 100vw, 352px\" \/><\/figure><\/div>\n\n\n\n<p>In occasione dell&#8217;evento internazionale&nbsp;<em>May12 Celebrating Women in Mathematics<\/em>, giornata internazionale delle donne nella matematica, l&#8217;Unit\u00e0 pianificazione, programmazione e Biblioteca Centrale e l&#8217;Istituto per le applicazioni del calcolo &#8220;M. Picone&#8221; (Iac)&nbsp;del Cnr hanno organizzato l&#8217;evento &#8220;Donne nella matematica&#8221; che si terr\u00e0 il 13 maggio, presso la sala A della Biblioteca Centrale &#8220;G. Marconi&#8221; alle ore 17.30.<\/p>\n\n\n\n<p>Ogni anno in tutto il mondo vengono organizzati eventi locali o virtuali che si svolgono nel periodo compreso tra il 1\u00b0 maggio e il 15 giugno, con l\u2019obiettivo di incoraggiare la diversit\u00e0 e superare i pregiudizi di genere, esaltare i successi delle ricercatrici in matematica, anche per guidare e stimolare le giovani donne che vogliono studiare questa disciplina.<\/p>\n\n\n\n<p>La manifestazione May12, giunta alla sua 6a edizione, \u00e8 stata istituita il 31 luglio 2018 durante il &#8220;World Meeting for&nbsp;Women in Mathematics&#8221;&nbsp;e si \u00e8 scelta proprio questa data perch\u00e9&nbsp;ricorre il giorno del compleanno di Maryam Mirzakhani,&nbsp;la prima donna ad aver ottenuto la medaglia Fields, uno dei pi\u00f9 ambiti riconoscimenti in matematica.<\/p>\n\n\n\n<p>L&#8217;evento sar\u00e0 moderato da Silvia Bencivelli, giornalista e divulgatrice scientifica. Interverranno: Roberta Bianchini, ricercatrice Cnr-Iac,&nbsp;Chiara de Fabritiis, coordinatrice del Comitato per le pari opportunit\u00e0 dell&#8217;Unione matematica italiana, Pegah Moshir Pour, attivista per i diritti umani e digitali.<\/p>\n\n\n\n<p>Introducono i lavori Giovanni De Simone, Responsabile dell&#8217;Unit\u00e0&nbsp;pianificazione, programmazione e Biblioteca Centrale e Roberto Natalini, Direttore Cnr-Iac.<\/p>\n\n\n\n<p><strong>Organizzato da:<\/strong><br>Cnr &#8211; Unit\u00e0 pianificazione, programmazione e Biblioteca centrale<br>Cnr &#8211; Istituto per le applicazioni del calcolo &#8220;M. Picone&#8221;<\/p>\n","protected":false},"excerpt":{"rendered":"<p>Donne nella matematica In occasione dell&#8217;evento internazionale&nbsp;May12 Celebrating Women in Mathematics, giornata internazionale delle donne nella matematica, l&#8217;Unit\u00e0 pianificazione, programmazione e Biblioteca Centrale e l&#8217;Istituto per le applicazioni del calcolo &#8220;M. Picone&#8221; (Iac)&nbsp;del Cnr hanno organizzato l&#8217;evento &#8220;Donne nella matematica&#8221; che si terr\u00e0 il 13 maggio, presso la sala A della Biblioteca Centrale &#8220;G. Marconi&#8221;&#8230;<\/p>\n<p class=\"more-link-wrap\"><a href=\"https:\/\/sibi.cnr.it\/marconi\/eventi\/\" class=\"more-link\">Read More<span class=\"screen-reader-text\"> &ldquo;Eventi&rdquo;<\/span> &raquo;<\/a><\/p>\n","protected":false},"author":11,"featured_media":0,"parent":0,"menu_order":0,"comment_status":"closed","ping_status":"closed","template":"","meta":{"_uag_custom_page_level_css":"","_ti_tpc_template_sync":false,"_ti_tpc_template_id":""},"uagb_featured_image_src":{"full":false,"thumbnail":false,"medium":false,"medium_large":false,"large":false,"1536x1536":false,"2048x2048":false},"uagb_author_info":{"display_name":"sarasantorsa","author_link":"https:\/\/sibi.cnr.it\/marconi\/author\/sarasantorsa\/"},"uagb_comment_info":0,"uagb_excerpt":"Donne nella matematica In occasione dell&#8217;evento internazionale&nbsp;May12 Celebrating Women in Mathematics, giornata internazionale delle donne nella matematica, l&#8217;Unit\u00e0 pianificazione, programmazione e Biblioteca Centrale e l&#8217;Istituto per le applicazioni del calcolo &#8220;M. Picone&#8221; (Iac)&nbsp;del Cnr hanno organizzato l&#8217;evento &#8220;Donne nella matematica&#8221; che si terr\u00e0 il 13 maggio, presso la sala A della Biblioteca Centrale &#8220;G. Marconi&#8221;...Read&hellip;","_links":{"self":[{"href":"https:\/\/sibi.cnr.it\/marconi\/wp-json\/wp\/v2\/pages\/8465"}],"collection":[{"href":"https:\/\/sibi.cnr.it\/marconi\/wp-json\/wp\/v2\/pages"}],"about":[{"href":"https:\/\/sibi.cnr.it\/marconi\/wp-json\/wp\/v2\/types\/page"}],"author":[{"embeddable":true,"href":"https:\/\/sibi.cnr.it\/marconi\/wp-json\/wp\/v2\/users\/11"}],"replies":[{"embeddable":true,"href":"https:\/\/sibi.cnr.it\/marconi\/wp-json\/wp\/v2\/comments?post=8465"}],"version-history":[{"count":28,"href":"https:\/\/sibi.cnr.it\/marconi\/wp-json\/wp\/v2\/pages\/8465\/revisions"}],"predecessor-version":[{"id":9513,"href":"https:\/\/sibi.cnr.it\/marconi\/wp-json\/wp\/v2\/pages\/8465\/revisions\/9513"}],"wp:attachment":[{"href":"https:\/\/sibi.cnr.it\/marconi\/wp-json\/wp\/v2\/media?parent=8465"}],"curies":[{"name":"wp","href":"https:\/\/api.w.org\/{rel}","templated":true}]}}