{"id":7988,"date":"2023-06-26T17:28:45","date_gmt":"2023-06-26T15:28:45","guid":{"rendered":"https:\/\/sibi.cnr.it\/marconi\/?page_id=7988"},"modified":"2024-08-02T11:10:48","modified_gmt":"2024-08-02T09:10:48","slug":"orari","status":"publish","type":"page","link":"https:\/\/sibi.cnr.it\/marconi\/orari\/","title":{"rendered":"Orario"},"content":{"rendered":"\t\t\t<!-- Flexy Breadcrumb -->\r\n\t\t\t<div class=\"fbc fbc-page\">\r\n\r\n\t\t\t\t<!-- Breadcrumb wrapper -->\r\n\t\t\t\t<div class=\"fbc-wrap\">\r\n\r\n\t\t\t\t\t<!-- Ordered list-->\r\n\t\t\t\t\t<ol class=\"fbc-items\" itemscope itemtype=\"https:\/\/schema.org\/BreadcrumbList\">\r\n\t\t\t\t\t\t            <li itemprop=\"itemListElement\" itemscope itemtype=\"https:\/\/schema.org\/ListItem\">\r\n                <span itemprop=\"name\">\r\n                    <!-- Home Link -->\r\n                    <a itemprop=\"item\" href=\"https:\/\/sibi.cnr.it\/marconi\">\r\n                    \r\n                                                    <i class=\"fa fa-home\" aria-hidden=\"true\"><\/i>Home                    <\/a>\r\n                <\/span>\r\n                <meta itemprop=\"position\" content=\"1\" \/><!-- Meta Position-->\r\n             <\/li><li><span class=\"fbc-separator\">\/<\/span><\/li><li class=\"active\" itemprop=\"itemListElement\" itemscope itemtype=\"https:\/\/schema.org\/ListItem\"><span itemprop=\"name\" title=\"News\">News<\/span><meta itemprop=\"position\" content=\"2\" \/><\/li>\t\t\t\t\t<\/ol>\r\n\t\t\t\t\t<div class=\"clearfix\"><\/div>\r\n\t\t\t\t<\/div>\r\n\t\t\t<\/div>\r\n\t\t\t\n\n\n\n<div class=\"wp-block-cover is-light\" style=\"min-height:221px\"><span aria-hidden=\"true\" class=\"wp-block-cover__gradient-background has-background-dim\"><\/span><img loading=\"lazy\" width=\"1024\" height=\"682\" class=\"wp-block-cover__image-background wp-image-8102\" alt=\"\" src=\"https:\/\/sibi.cnr.it\/marconi\/wp-content\/uploads\/sites\/4\/2024\/01\/clock-3780703_1280-1024x682.jpg\" data-object-fit=\"cover\" srcset=\"https:\/\/sibi.cnr.it\/marconi\/wp-content\/uploads\/sites\/4\/2024\/01\/clock-3780703_1280-1024x682.jpg 1024w, https:\/\/sibi.cnr.it\/marconi\/wp-content\/uploads\/sites\/4\/2024\/01\/clock-3780703_1280-300x200.jpg 300w, https:\/\/sibi.cnr.it\/marconi\/wp-content\/uploads\/sites\/4\/2024\/01\/clock-3780703_1280-768x512.jpg 768w, https:\/\/sibi.cnr.it\/marconi\/wp-content\/uploads\/sites\/4\/2024\/01\/clock-3780703_1280.jpg 1280w\" sizes=\"(max-width: 1024px) 100vw, 1024px\" \/><div class=\"wp-block-cover__inner-container\">\n<h1 class=\"has-text-align-center has-white-color has-text-color\" style=\"font-size:60px;font-style:normal;font-weight:100;text-transform:capitalize\"><strong>Orario<\/strong><\/h1>\n<\/div><\/div>\n\n\n\n<p><\/p>\n\n\n\n<p class=\"has-text-align-left\" style=\"font-size:16px\"><strong><strong>L\u2019orario di apertura della Biblioteca \u00e8 dal luned\u00ec al venerd\u00ec dalle ore 9,00 alle ore 15,30<\/strong>. <strong>E\u2019 possibile prenotare l\u2019accesso al link\u00a0<a href=\"https:\/\/book.cnr.it\/marconi\/\">https:\/\/book.cnr.it\/marconi<\/a><\/strong>.<\/strong><\/p>\n\n\n\n<p style=\"font-size:16px\"><strong>Chiusure<\/strong><\/p>\n\n\n\n<ul style=\"font-size:16px\"><li>Tutti i Sabati e le Domeniche<\/li><li>1\u00b0 e 6 Gennaio<\/li><li>Luned\u00ec di Pasqua<\/li><li>25 Aprile<\/li><li>1\u00b0 Maggio<\/li><li>2 Giugno<\/li><li>29 Giugno<\/li><li>15 Agosto<\/li><li>1\u00b0 Novembre<\/li><li>8, 25 e il 26 Dicembre<\/li><li>Nel mese di Agosto la Biblioteca \u00e8 chiusa per riordino del Deposito Librario.<\/li><\/ul>\n\n\n\n<p style=\"font-size:16px\">Per accedere alla Biblioteca \u00e8 necessario aver compiuto 18 anni<strong>.<\/strong><\/p>\n","protected":false},"excerpt":{"rendered":"<p>L\u2019orario di apertura della Biblioteca \u00e8 dal luned\u00ec al venerd\u00ec dalle ore 9,00 alle ore 15,30. E\u2019 possibile prenotare l\u2019accesso al link\u00a0https:\/\/book.cnr.it\/marconi. Chiusure Tutti i Sabati e le Domeniche 1\u00b0 e 6 Gennaio Luned\u00ec di Pasqua 25 Aprile 1\u00b0 Maggio 2 Giugno 29 Giugno 15 Agosto 1\u00b0 Novembre 8, 25 e il 26 Dicembre Nel&#8230;<\/p>\n<p class=\"more-link-wrap\"><a href=\"https:\/\/sibi.cnr.it\/marconi\/orari\/\" class=\"more-link\">Read More<span class=\"screen-reader-text\"> &ldquo;Orario&rdquo;<\/span> &raquo;<\/a><\/p>\n","protected":false},"author":3,"featured_media":0,"parent":0,"menu_order":0,"comment_status":"closed","ping_status":"closed","template":"","meta":{"_uag_custom_page_level_css":"","_ti_tpc_template_sync":false,"_ti_tpc_template_id":""},"uagb_featured_image_src":{"full":false,"thumbnail":false,"medium":false,"medium_large":false,"large":false,"1536x1536":false,"2048x2048":false},"uagb_author_info":{"display_name":"adelaideranchino","author_link":"https:\/\/sibi.cnr.it\/marconi\/author\/adelaideranchino\/"},"uagb_comment_info":0,"uagb_excerpt":"L\u2019orario di apertura della Biblioteca \u00e8 dal luned\u00ec al venerd\u00ec dalle ore 9,00 alle ore 15,30. E\u2019 possibile prenotare l\u2019accesso al link\u00a0https:\/\/book.cnr.it\/marconi. Chiusure Tutti i Sabati e le Domeniche 1\u00b0 e 6 Gennaio Luned\u00ec di Pasqua 25 Aprile 1\u00b0 Maggio 2 Giugno 29 Giugno 15 Agosto 1\u00b0 Novembre 8, 25 e il 26 Dicembre Nel...Read&hellip;","_links":{"self":[{"href":"https:\/\/sibi.cnr.it\/marconi\/wp-json\/wp\/v2\/pages\/7988"}],"collection":[{"href":"https:\/\/sibi.cnr.it\/marconi\/wp-json\/wp\/v2\/pages"}],"about":[{"href":"https:\/\/sibi.cnr.it\/marconi\/wp-json\/wp\/v2\/types\/page"}],"author":[{"embeddable":true,"href":"https:\/\/sibi.cnr.it\/marconi\/wp-json\/wp\/v2\/users\/3"}],"replies":[{"embeddable":true,"href":"https:\/\/sibi.cnr.it\/marconi\/wp-json\/wp\/v2\/comments?post=7988"}],"version-history":[{"count":26,"href":"https:\/\/sibi.cnr.it\/marconi\/wp-json\/wp\/v2\/pages\/7988\/revisions"}],"predecessor-version":[{"id":8564,"href":"https:\/\/sibi.cnr.it\/marconi\/wp-json\/wp\/v2\/pages\/7988\/revisions\/8564"}],"wp:attachment":[{"href":"https:\/\/sibi.cnr.it\/marconi\/wp-json\/wp\/v2\/media?parent=7988"}],"curies":[{"name":"wp","href":"https:\/\/api.w.org\/{rel}","templated":true}]}}