{"id":4030,"date":"2023-02-01T12:23:41","date_gmt":"2023-02-01T11:23:41","guid":{"rendered":"https:\/\/sibi.cnr.it\/marconi\/?page_id=4030"},"modified":"2024-08-02T11:23:53","modified_gmt":"2024-08-02T09:23:53","slug":"accesso-e-consultazione","status":"publish","type":"page","link":"https:\/\/sibi.cnr.it\/marconi\/accesso-e-consultazione\/","title":{"rendered":"Accesso e consultazione"},"content":{"rendered":"\n<p>L&#8217;accesso ai servizi locali della&nbsp;Biblioteca \u00e8 consentito a docenti, ricercatori, studiosi universitari, dottorandi, laureandi, dipendenti pubblici e privati, liberi professionisti e&nbsp;a qualsiasi utente che necessiti di consultare risorse informative e documentali possedute e\/o reperibili attraverso la struttura.&nbsp;&nbsp;<\/p>\n\n\n\n<p>Per&nbsp;accedere localmente ai servizi e alle risorse della Biblioteca&nbsp;\u00e8 necessario&nbsp;esibire un documento d\u2019identit\u00e0, in corso di validit\u00e0,&nbsp;che consente il&nbsp;rilascio di una tessera valida per l\u2019ingresso in Biblioteca. L&#8217;ammissione nei locali della Biblioteca \u00e8 subordinata al rispetto delle&nbsp;<a rel=\"noreferrer noopener\" href=\"https:\/\/sibi.cnr.it\/marconi\/norme-di-comportamento\/\" data-type=\"URL\" data-id=\"https:\/\/sibi.cnr.it\/marconi\/norme-di-comportamento\/\" target=\"_blank\">regole di convivenza<\/a>&nbsp;comuni ai luoghi di studio e ricerca.<\/p>\n\n\n\n<p><strong>L&#8217;orario di apertura \u00e8 dal luned\u00ec al venerd\u00ec dalle ore  9,00 alle ore 15,30<\/strong>. <strong>E\u2019 possibile prenotare l\u2019accesso al link&nbsp;<a href=\"https:\/\/book.cnr.it\/marconi\/\">https:\/\/book.cnr.it\/marconi<\/a><\/strong>.<\/p>\n\n\n\n<p>Sono a disposizione degli utenti:<\/p>\n\n\n\n<p><strong>Servizio di&nbsp;informazioni bibliografiche:<\/strong>&nbsp;il personale della Biblioteca \u00e8 a disposizione degli utenti, durante tutto l&#8217;orario di apertura della biblioteca,&nbsp; per fornire il supporto&nbsp;necessario alla consultazione delle risorse informative&nbsp;e alla localizzazione e al reperimento dei documenti.<\/p>\n\n\n\n<p><strong>Sale di consultazione:&nbsp;<\/strong>sono attualmente disponibili 3 sale di lettura &#8211; per un totale di circa 70 posti &#8211; di cui una dedicata al settore delle scienze umane e una al CDE (Centro di Documentazione Europea), sono presenti postazioni informatiche e&nbsp;<a href=\"https:\/\/sibi.cnr.it\/marconi\/connessione-wifi\/\" data-type=\"URL\" data-id=\"https:\/\/sibi.cnr.it\/marconi\/connessione-wifi\/\">connessione wifi<\/a>. Gli utenti possono utilizzare i propri computer portatili&nbsp;solo previa autorizzazione del personale della Biblioteca.<\/p>\n\n\n\n<p><strong>Servizio di consultazione e distribuzione:\u00a0<\/strong>le opere conservate nelle Sale di consultazione, organizzate a scaffale aperto, sono direttamente accessibili agli utenti. Il restante materiale bibliografico, conservato nel deposito librario, deve essere richiesto al personale della Biblioteca, compilando l&#8217;apposito modulo online disponibile dalle postazioni dedicate all&#8217;utenza. La distribuzione dei testi<strong>\u00a0avviene dalle<\/strong><strong>\u00a09.00 alle 13.00.\u00a0<\/strong>Il materiale consultato deve essere riconsegnato 30 minuti prima della chiusura della Biblioteca.<\/p>\n\n\n\n<p><strong>Servizio di prenotazione e ritiro:\u00a0<\/strong>attraverso i cataloghi in linea della Biblioteca \u00e8 possibile prenotare le pubblicazioni di proprio interesse e ritirarle presso il servizio informazioni, il giorno successivo all&#8217;inoltro della richiesta.\u00a0 Questo servizio viene erogato agli utenti registrati e in possesso della tessera di riconoscimento.<\/p>\n\n\n\n<p>Si effettuano, inoltre, i servizi di\u00a0<a href=\"https:\/\/sibi.cnr.it\/marconi\/prestito\/\" data-type=\"URL\" data-id=\"https:\/\/sibi.cnr.it\/marconi\/prestito\/\">prestito\u00a0<\/a>e\u00a0<a href=\"https:\/\/sibi.cnr.it\/marconi\/riproduzione-2\/\" data-type=\"URL\" data-id=\"https:\/\/sibi.cnr.it\/marconi\/riproduzione-2\/\">riproduzione<\/a>.<\/p>\n\n\n\n<p>Per i dipendenti CNR il prestito \u00e8 di 30 gg rinnovabili di 15. Per gli utenti esterni registrati nella Biblioteca su piattaforma SebinaNext il prestito \u00e8 di 7 gg rinnovabili di 7.<\/p>\n\n\n\n<p>La Biblioteca mette a disposizione dei suoi utenti una serie di banche dati bibliografiche&nbsp;disponibili anche a&nbsp;full-text.&nbsp;La loro consultazione \u00e8 possibile solo all&#8217;interno della Biblioteca stessa in osservanza delle norme in materia di tutela del copyright e del diritto d&#8217;autore. E&#8217; possibile consultare in loco su computer dedicato anche le Norme UNI e le Norme CEI.  <\/p>\n\n\n\n<p>Informazioni generali e di orientamento ai vari servizi della Biblioteca (orari e periodi di apertura al pubblico, nonch\u00e9 modalit\u00e0 di accesso) possono essere richieste al numero: 06\/4993.3361.<\/p>\n","protected":false},"excerpt":{"rendered":"<p>L&#8217;accesso ai servizi locali della&nbsp;Biblioteca \u00e8 consentito a docenti, ricercatori, studiosi universitari, dottorandi, laureandi, dipendenti pubblici e privati, liberi professionisti e&nbsp;a qualsiasi utente che necessiti di consultare risorse informative e documentali possedute e\/o reperibili attraverso la struttura.&nbsp;&nbsp; Per&nbsp;accedere localmente ai servizi e alle risorse della Biblioteca&nbsp;\u00e8 necessario&nbsp;esibire un documento d\u2019identit\u00e0, in corso di validit\u00e0,&nbsp;che consente&#8230;<\/p>\n<p class=\"more-link-wrap\"><a href=\"https:\/\/sibi.cnr.it\/marconi\/accesso-e-consultazione\/\" class=\"more-link\">Read More<span class=\"screen-reader-text\"> &ldquo;Accesso e consultazione&rdquo;<\/span> &raquo;<\/a><\/p>\n","protected":false},"author":3,"featured_media":0,"parent":0,"menu_order":0,"comment_status":"closed","ping_status":"closed","template":"page-templates\/large.php","meta":{"_uag_custom_page_level_css":"","_ti_tpc_template_sync":false,"_ti_tpc_template_id":""},"uagb_featured_image_src":{"full":false,"thumbnail":false,"medium":false,"medium_large":false,"large":false,"1536x1536":false,"2048x2048":false},"uagb_author_info":{"display_name":"adelaideranchino","author_link":"https:\/\/sibi.cnr.it\/marconi\/author\/adelaideranchino\/"},"uagb_comment_info":0,"uagb_excerpt":"L&#8217;accesso ai servizi locali della&nbsp;Biblioteca \u00e8 consentito a docenti, ricercatori, studiosi universitari, dottorandi, laureandi, dipendenti pubblici e privati, liberi professionisti e&nbsp;a qualsiasi utente che necessiti di consultare risorse informative e documentali possedute e\/o reperibili attraverso la struttura.&nbsp;&nbsp; Per&nbsp;accedere localmente ai servizi e alle risorse della Biblioteca&nbsp;\u00e8 necessario&nbsp;esibire un documento d\u2019identit\u00e0, in corso di validit\u00e0,&nbsp;che consente...Read&hellip;","_links":{"self":[{"href":"https:\/\/sibi.cnr.it\/marconi\/wp-json\/wp\/v2\/pages\/4030"}],"collection":[{"href":"https:\/\/sibi.cnr.it\/marconi\/wp-json\/wp\/v2\/pages"}],"about":[{"href":"https:\/\/sibi.cnr.it\/marconi\/wp-json\/wp\/v2\/types\/page"}],"author":[{"embeddable":true,"href":"https:\/\/sibi.cnr.it\/marconi\/wp-json\/wp\/v2\/users\/3"}],"replies":[{"embeddable":true,"href":"https:\/\/sibi.cnr.it\/marconi\/wp-json\/wp\/v2\/comments?post=4030"}],"version-history":[{"count":18,"href":"https:\/\/sibi.cnr.it\/marconi\/wp-json\/wp\/v2\/pages\/4030\/revisions"}],"predecessor-version":[{"id":8571,"href":"https:\/\/sibi.cnr.it\/marconi\/wp-json\/wp\/v2\/pages\/4030\/revisions\/8571"}],"wp:attachment":[{"href":"https:\/\/sibi.cnr.it\/marconi\/wp-json\/wp\/v2\/media?parent=4030"}],"curies":[{"name":"wp","href":"https:\/\/api.w.org\/{rel}","templated":true}]}}